{"id":1543,"date":"2025-09-15T07:53:27","date_gmt":"2025-09-15T07:53:27","guid":{"rendered":"https:\/\/hyworx.de\/?page_id=1543"},"modified":"2025-10-13T12:16:19","modified_gmt":"2025-10-13T12:16:19","slug":"karriere","status":"publish","type":"page","link":"https:\/\/hyworx.de\/en\/karriere\/","title":{"rendered":"Career"},"content":{"rendered":"\t\t<div data-elementor-type=\"wp-page\" data-elementor-id=\"1543\" class=\"elementor elementor-1543\" data-elementor-post-type=\"page\">\n\t\t\t\t<div class=\"elementor-element elementor-element-201356f e-con-full e-flex e-con e-parent\" data-id=\"201356f\" data-element_type=\"container\" data-e-type=\"container\" data-settings=\"{&quot;background_background&quot;:&quot;gradient&quot;}\">\n\t\t<div class=\"elementor-element elementor-element-65a3939 e-con-full e-flex e-con e-child\" data-id=\"65a3939\" data-element_type=\"container\" data-e-type=\"container\" data-settings=\"{&quot;background_background&quot;:&quot;classic&quot;}\">\n\t\t\t\t<\/div>\n\t\t<div class=\"elementor-element elementor-element-9ac835b e-con-full e-flex e-con e-child\" data-id=\"9ac835b\" data-element_type=\"container\" data-e-type=\"container\" data-settings=\"{&quot;motion_fx_motion_fx_scrolling&quot;:&quot;yes&quot;,&quot;motion_fx_translateX_effect&quot;:&quot;yes&quot;,&quot;motion_fx_translateX_direction&quot;:&quot;negative&quot;,&quot;motion_fx_translateX_speed&quot;:{&quot;unit&quot;:&quot;px&quot;,&quot;size&quot;:1.1,&quot;sizes&quot;:[]},&quot;motion_fx_translateX_affectedRange&quot;:{&quot;unit&quot;:&quot;%&quot;,&quot;size&quot;:&quot;&quot;,&quot;sizes&quot;:{&quot;start&quot;:55,&quot;end&quot;:100}},&quot;motion_fx_devices&quot;:[&quot;desktop&quot;,&quot;tablet&quot;,&quot;mobile&quot;]}\">\n\t\t\t\t<div class=\"elementor-element elementor-element-9db292c elementor-widget__width-initial elementor-widget elementor-widget-heading\" data-id=\"9db292c\" data-element_type=\"widget\" data-e-type=\"widget\" data-widget_type=\"heading.default\">\n\t\t\t\t<div class=\"elementor-widget-container\">\n\t\t\t\t\t<h1 class=\"elementor-heading-title elementor-size-default\">Wir gestalten die Energieversorgung von morgen<\/h1>\t\t\t\t<\/div>\n\t\t\t\t<\/div>\n\t\t\t\t<div class=\"elementor-element elementor-element-c2aa578 elementor-widget elementor-widget-heading\" data-id=\"c2aa578\" data-element_type=\"widget\" data-e-type=\"widget\" data-widget_type=\"heading.default\">\n\t\t\t\t<div class=\"elementor-widget-container\">\n\t\t\t\t\t<p class=\"elementor-heading-title elementor-size-default\">Sei dabei<\/p>\t\t\t\t<\/div>\n\t\t\t\t<\/div>\n\t\t\t\t<\/div>\n\t\t\t\t<\/div>\n\t\t<div class=\"elementor-element elementor-element-2099255 e-con-full e-flex e-con e-parent\" data-id=\"2099255\" data-element_type=\"container\" data-e-type=\"container\">\n\t\t\t\t<div class=\"elementor-element elementor-element-98d9538 elementor-widget__width-initial elementor-widget elementor-widget-text-editor\" data-id=\"98d9538\" data-element_type=\"widget\" data-e-type=\"widget\" data-widget_type=\"text-editor.default\">\n\t\t\t\t<div class=\"elementor-widget-container\">\n\t\t\t\t\t\t\t\t\t<p class=\"p1\">Wir wachsen rasant und haben Gro\u00dfes vor! Unser Unternehmen befindet sich auf Expansionskurs. Auch wenn aktuell keine passende Stelle ausgeschrieben ist, sind wir immer auf der Suche nach qualifizierten Fachkr\u00e4ften in den Bereichen Druckger\u00e4teentwicklung nach EN13445 und ASME, Elektrotechnik, Produktionsplanung und -aufbau, Qualit\u00e4tsmanagement, Qualit\u00e4tssicherung, Warenwirtschaft, Einkauf, Vertrieb, Finanzwesen.<\/p><p class=\"p1\">Wenn du Lust hast, dich in einem dynamischen Umfeld weiterzuentwickeln und aktiv zum Erfolg beizutragen, bist du bei uns genau richtig. Wir freuen uns auf deine Initiativbewerbung, um dich und deine fachlichen und sozialen Kompetenzen kennenzulernen.<\/p><div id=\"WidgetFloaterPanels\" class=\"LTRStyle\" style=\"display: none; text-align: left; direction: ltr; visibility: hidden;\" translate=\"no\"><div id=\"WidgetFloater\" style=\"display: none;\"><div id=\"WidgetLogoPanel\"><span id=\"WidgetTranslateWithSpan\">TRANSLATE with <img id=\"FloaterLogo\" \/><\/span> <span id=\"WidgetCloseButton\" title=\"Exit Translation\">x<\/span><\/div><div id=\"LanguageMenuPanel\"><div class=\"DDStyle_outer\"><p><input id=\"LanguageMenu_svid\" style=\"display: none;\" autocomplete=\"on\" name=\"LanguageMenu_svid\" type=\"text\" value=\"en\" \/> <input id=\"LanguageMenu_textid\" style=\"display: none;\" autocomplete=\"on\" name=\"LanguageMenu_textid\" type=\"text\" \/> <span id=\"__LanguageMenu_header\" class=\"DDStyle\" tabindex=\"0\">English<\/span><\/p><div style=\"position: relative; text-align: left; left: 0;\"><div style=\"position: absolute; ;left: 0px;\"><div id=\"__LanguageMenu_popup\" class=\"DDStyle\" style=\"display: none;\"><table id=\"LanguageMenu\" border=\"0\"><tbody><tr><td><a tabindex=\"-1\" href=\"#ar\">Arabic<\/a><\/td><td><a tabindex=\"-1\" href=\"#he\">Hebrew<\/a><\/td><td><a tabindex=\"-1\" href=\"#pl\">Polish<\/a><\/td><\/tr><tr><td><a tabindex=\"-1\" href=\"#bg\">Bulgarian<\/a><\/td><td><a tabindex=\"-1\" href=\"#hi\">Hindi<\/a><\/td><td><a tabindex=\"-1\" href=\"#pt\">Portuguese<\/a><\/td><\/tr><tr><td><a tabindex=\"-1\" href=\"#ca\">Catalan<\/a><\/td><td><a tabindex=\"-1\" href=\"#mww\">Hmong Daw<\/a><\/td><td><a tabindex=\"-1\" href=\"#ro\">Romanian<\/a><\/td><\/tr><tr><td><a tabindex=\"-1\" href=\"#zh-CHS\">Chinese Simplified<\/a><\/td><td><a tabindex=\"-1\" href=\"#hu\">Hungarian<\/a><\/td><td><a tabindex=\"-1\" href=\"#ru\">Russian<\/a><\/td><\/tr><tr><td><a tabindex=\"-1\" href=\"#zh-CHT\">Chinese Traditional<\/a><\/td><td><a tabindex=\"-1\" href=\"#id\">Indonesian<\/a><\/td><td><a tabindex=\"-1\" href=\"#sk\">Slovak<\/a><\/td><\/tr><tr><td><a tabindex=\"-1\" href=\"#cs\">Czech<\/a><\/td><td><a tabindex=\"-1\" href=\"#it\">Italian<\/a><\/td><td><a tabindex=\"-1\" href=\"#sl\">Slovenian<\/a><\/td><\/tr><tr><td><a tabindex=\"-1\" href=\"#da\">Danish<\/a><\/td><td><a tabindex=\"-1\" href=\"#ja\">Japanese<\/a><\/td><td><a tabindex=\"-1\" href=\"#es\">Spanish<\/a><\/td><\/tr><tr><td><a tabindex=\"-1\" href=\"#nl\">Dutch<\/a><\/td><td><a tabindex=\"-1\" href=\"#tlh\">Klingon<\/a><\/td><td><a tabindex=\"-1\" href=\"#sv\">Swedish<\/a><\/td><\/tr><tr><td><a tabindex=\"-1\" href=\"#en\">English<\/a><\/td><td><a tabindex=\"-1\" href=\"#ko\">Korean<\/a><\/td><td><a tabindex=\"-1\" href=\"#th\">Thai<\/a><\/td><\/tr><tr><td><a tabindex=\"-1\" href=\"#et\">Estonian<\/a><\/td><td><a tabindex=\"-1\" href=\"#lv\">Latvian<\/a><\/td><td><a tabindex=\"-1\" href=\"#tr\">Turkish<\/a><\/td><\/tr><tr><td><a tabindex=\"-1\" href=\"#fi\">Finnish<\/a><\/td><td><a tabindex=\"-1\" href=\"#lt\">Lithuanian<\/a><\/td><td><a tabindex=\"-1\" href=\"#uk\">Ukrainian<\/a><\/td><\/tr><tr><td><a tabindex=\"-1\" href=\"#fr\">French<\/a><\/td><td><a tabindex=\"-1\" href=\"#ms\">Malay<\/a><\/td><td><a tabindex=\"-1\" href=\"#ur\">Urdu<\/a><\/td><\/tr><tr><td><a tabindex=\"-1\" href=\"#de\">German<\/a><\/td><td><a tabindex=\"-1\" href=\"#mt\">Maltese<\/a><\/td><td><a tabindex=\"-1\" href=\"#vi\">Vietnamese<\/a><\/td><\/tr><tr><td><a tabindex=\"-1\" href=\"#el\">Greek<\/a><\/td><td><a tabindex=\"-1\" href=\"#no\">Norwegian<\/a><\/td><td><a tabindex=\"-1\" href=\"#cy\">Welsh<\/a><\/td><\/tr><tr><td><a tabindex=\"-1\" href=\"#ht\">Haitian Creole<\/a><\/td><td><a tabindex=\"-1\" href=\"#fa\">Persian<\/a><\/td><td>\u00a0<\/td><\/tr><\/tbody><\/table><p><img style=\"height: 7px; width: 17px; border-width: 0px; left: 20px;\" alt=\"\" \/><\/p><\/div><\/div><\/div><\/div><p><script type=\"text\/javascript\"> var LanguageMenu; var LanguageMenu_keys=[\"ar\",\"bg\",\"ca\",\"zh-CHS\",\"zh-CHT\",\"cs\",\"da\",\"nl\",\"en\",\"et\",\"fi\",\"fr\",\"de\",\"el\",\"ht\",\"he\",\"hi\",\"mww\",\"hu\",\"id\",\"it\",\"ja\",\"tlh\",\"ko\",\"lv\",\"lt\",\"ms\",\"mt\",\"no\",\"fa\",\"pl\",\"pt\",\"ro\",\"ru\",\"sk\",\"sl\",\"es\",\"sv\",\"th\",\"tr\",\"uk\",\"ur\",\"vi\",\"cy\"]; var LanguageMenu_values=[\"Arabic\",\"Bulgarian\",\"Catalan\",\"Chinese Simplified\",\"Chinese Traditional\",\"Czech\",\"Danish\",\"Dutch\",\"English\",\"Estonian\",\"Finnish\",\"French\",\"German\",\"Greek\",\"Haitian Creole\",\"Hebrew\",\"Hindi\",\"Hmong Daw\",\"Hungarian\",\"Indonesian\",\"Italian\",\"Japanese\",\"Klingon\",\"Korean\",\"Latvian\",\"Lithuanian\",\"Malay\",\"Maltese\",\"Norwegian\",\"Persian\",\"Polish\",\"Portuguese\",\"Romanian\",\"Russian\",\"Slovak\",\"Slovenian\",\"Spanish\",\"Swedish\",\"Thai\",\"Turkish\",\"Ukrainian\",\"Urdu\",\"Vietnamese\",\"Welsh\"]; var LanguageMenu_callback=function(){ }; var LanguageMenu_popupid='__LanguageMenu_popup'; <\/script><\/p><\/div><div id=\"CTFLinksPanel\"><span id=\"ExternalLinksPanel\"><a id=\"HelpLink\" title=\"Help\" href=\"https:\/\/go.microsoft.com\/?linkid=9722454\" target=\"_blank\" rel=\"noopener\"> <img id=\"HelpImg\" \/><\/a> <a id=\"EmbedLink\" title=\"Get this widget for your own site\"><\/a> <img id=\"EmbedImg\" \/> <a id=\"ShareLink\" title=\"Share translated page with friends\"><\/a> <img id=\"ShareImg\" \/> <\/span><\/div><div id=\"FloaterProgressBar\">\u00a0<\/div><\/div><div id=\"WidgetFloaterCollapsed\" style=\"display: none;\">TRANSLATE with <img id=\"CollapsedLogoImg\" \/><\/div><div id=\"FloaterSharePanel\" style=\"display: none;\"><div id=\"ShareTextDiv\"><span id=\"ShareTextSpan\"> COPY THE URL BELOW <\/span><\/div><div id=\"ShareTextboxDiv\"><input id=\"ShareTextbox\" name=\"ShareTextbox\" readonly=\"readonly\" type=\"text\" \/> <!--a id=\"TwitterLink\" title=\"Share on Twitter\"> <img id=\"TwitterImg\" \/><\/a> <a-- id=\"FacebookLink\" title=\"Share on Facebook\"> <img id=\"FacebookImg\" \/><\/a--> <a id=\"EmailLink\" title=\"Email this translation\"><\/a> <img id=\"EmailImg\" \/><\/div><div id=\"ShareFooter\"><span id=\"ShareHelpSpan\"><a id=\"ShareHelpLink\"><\/a> <img id=\"ShareHelpImg\" \/><\/span> <span id=\"ShareBackSpan\"><a id=\"ShareBack\" title=\"Back To Translation\"><\/a> Back<\/span><\/div><p><input id=\"EmailSubject\" name=\"EmailSubject\" type=\"hidden\" value=\"Check out this page in {0} translated from {1}\" \/> <input id=\"EmailBody\" name=\"EmailBody\" type=\"hidden\" value=\"Translated: {0}%0d%0aOriginal: {1}%0d%0a%0d%0aAutomatic translation powered by Microsoft\u00ae Translator%0d%0ahttp:\/\/www.bing.com\/translator?ref=MSTWidget\" \/> <input id=\"ShareHelpText\" type=\"hidden\" value=\"This link allows visitors to launch this page and automatically translate it to {0}.\" \/><\/p><\/div><div id=\"FloaterEmbed\" style=\"display: none;\"><div id=\"EmbedTextDiv\"><span id=\"EmbedTextSpan\">EMBED THE SNIPPET BELOW IN YOUR SITE<\/span> <a id=\"EmbedHelpLink\" title=\"Copy this code and place it into your HTML.\"><\/a> <img id=\"EmbedHelpImg\" \/><\/div><div id=\"EmbedTextboxDiv\"><input id=\"EmbedSnippetTextBox\" name=\"EmbedSnippetTextBox\" readonly=\"readonly\" type=\"text\" value=\"&lt;div id='MicrosoftTranslatorWidget' class='Dark' style='color:white;background-color:#555555'&gt;&lt;\/div&gt;&lt;script type='text\/javascript'&gt;setTimeout(function(){var s=document.createElement('script');s.type='text\/javascript';s.charset='UTF-8';s.src=((location &amp;&amp; location.href &amp;&amp; location.href.indexOf('https') == 0)?'https:\/\/ssl.microsofttranslator.com':'http:\/\/www.microsofttranslator.com')+'\/ajax\/v3\/WidgetV3.ashx?siteData=ueOIGRSKkd965FeEGM5JtQ**&amp;ctf=true&amp;ui=true&amp;settings=manual&amp;from=en';var p=document.getElementsByTagName('head')[0]||document.documentElement;p.insertBefore(s,p.firstChild); },0);&lt;\/script&gt;\" \/><\/div><div id=\"EmbedNoticeDiv\"><span id=\"EmbedNoticeSpan\">Enable collaborative features and customize widget: <a href=\"http:\/\/www.bing.com\/widget\/translator\" target=\"_blank\" rel=\"noopener\">Bing Webmaster Portal<\/a><\/span><\/div><div id=\"EmbedFooterDiv\"><span id=\"EmbedBackSpan\"><a title=\"Back To Translation\">Back<\/a><\/span><\/div><\/div><p><script type=\"text\/javascript\"> var intervalId = setInterval(function () { if (MtPopUpList) { LanguageMenu = new MtPopUpList(); var langMenu = document.getElementById(LanguageMenu_popupid); var origLangDiv = document.createElement(\"div\"); origLangDiv.id = \"OriginalLanguageDiv\"; origLangDiv.innerHTML = \"<span id='OriginalTextSpan'>ORIGINAL: <\/span><span id='OriginalLanguageSpan'><\/span>\"; langMenu.appendChild(origLangDiv); LanguageMenu.Init('LanguageMenu', LanguageMenu_keys, LanguageMenu_values, LanguageMenu_callback, LanguageMenu_popupid); window[\"LanguageMenu\"] = LanguageMenu; clearInterval(intervalId); } }, 1); <\/script><\/p><\/div>\t\t\t\t\t\t\t\t<\/div>\n\t\t\t\t<\/div>\n\t\t\t\t<\/div>\n\t\t<div class=\"elementor-element elementor-element-d5479b1 e-flex e-con-boxed e-con e-parent\" data-id=\"d5479b1\" data-element_type=\"container\" data-e-type=\"container\" data-settings=\"{&quot;background_background&quot;:&quot;slideshow&quot;,&quot;background_slideshow_gallery&quot;:[{&quot;id&quot;:973,&quot;url&quot;:&quot;https:\\\/\\\/hyworx.de\\\/wp-content\\\/uploads\\\/2024\\\/10\\\/hyworx-Firmensitz-in-Wismar.webp&quot;}],&quot;background_slideshow_ken_burns&quot;:&quot;yes&quot;,&quot;background_slideshow_loop&quot;:&quot;yes&quot;,&quot;background_slideshow_slide_duration&quot;:5000,&quot;background_slideshow_slide_transition&quot;:&quot;fade&quot;,&quot;background_slideshow_transition_duration&quot;:500,&quot;background_slideshow_ken_burns_zoom_direction&quot;:&quot;in&quot;}\">\n\t\t\t\t\t<div class=\"e-con-inner\">\n\t\t\t\t\t<\/div>\n\t\t\t\t<\/div>\n\t\t\t\t<\/div>\n\t\t","protected":false},"excerpt":{"rendered":"<p>Wir gestalten die Energieversorgung von morgen Sei dabei Wir wachsen rasant und haben Gro\u00dfes vor! Unser Unternehmen befindet sich auf Expansionskurs. Auch wenn aktuell keine passende Stelle ausgeschrieben ist, sind wir immer auf der Suche nach qualifizierten Fachkr\u00e4ften in den Bereichen Druckger\u00e4teentwicklung nach EN13445 und ASME, Elektrotechnik, Produktionsplanung und -aufbau, Qualit\u00e4tsmanagement, Qualit\u00e4tssicherung, Warenwirtschaft, Einkauf, Vertrieb, [&hellip;]<\/p>\n","protected":false},"author":3,"featured_media":0,"parent":0,"menu_order":0,"comment_status":"closed","ping_status":"closed","template":"elementor_header_footer","meta":{"footnotes":""},"class_list":["post-1543","page","type-page","status-publish","hentry","entry"],"yoast_head":"<!-- This site is optimized with the Yoast SEO plugin v27.3 - https:\/\/yoast.com\/product\/yoast-seo-wordpress\/ -->\n<title>Karriere - hyworx | PEM Electrolyzer Stacks<\/title>\n<meta name=\"description\" content=\"Wir freuen uns auf deine Initiativbewerbung, um dich und deine fachlichen und sozialen Kompetenzen kennenzulernen.\" \/>\n<meta name=\"robots\" content=\"index, follow, max-snippet:-1, max-image-preview:large, max-video-preview:-1\" \/>\n<link rel=\"canonical\" href=\"https:\/\/hyworx.de\/en\/karriere\/\" \/>\n<meta property=\"og:locale\" content=\"en_GB\" \/>\n<meta property=\"og:type\" content=\"article\" \/>\n<meta property=\"og:title\" content=\"Karriere - hyworx | PEM Electrolyzer Stacks\" \/>\n<meta property=\"og:description\" content=\"Wir freuen uns auf deine Initiativbewerbung, um dich und deine fachlichen und sozialen Kompetenzen kennenzulernen.\" \/>\n<meta property=\"og:url\" content=\"https:\/\/hyworx.de\/en\/karriere\/\" \/>\n<meta property=\"og:site_name\" content=\"hyworx | PEM Electrolyzer Stacks\" \/>\n<meta property=\"article:modified_time\" content=\"2025-10-13T12:16:19+00:00\" \/>\n<meta name=\"twitter:card\" content=\"summary_large_image\" \/>\n<meta name=\"twitter:label1\" content=\"Estimated reading time\" \/>\n\t<meta name=\"twitter:data1\" content=\"3 minutes\" \/>\n<script type=\"application\/ld+json\" class=\"yoast-schema-graph\">{\"@context\":\"https:\\\/\\\/schema.org\",\"@graph\":[{\"@type\":\"WebPage\",\"@id\":\"https:\\\/\\\/hyworx.de\\\/karriere\\\/\",\"url\":\"https:\\\/\\\/hyworx.de\\\/karriere\\\/\",\"name\":\"Karriere - hyworx | PEM Electrolyzer Stacks\",\"isPartOf\":{\"@id\":\"https:\\\/\\\/hyworx.de\\\/#website\"},\"datePublished\":\"2025-09-15T07:53:27+00:00\",\"dateModified\":\"2025-10-13T12:16:19+00:00\",\"description\":\"Wir freuen uns auf deine Initiativbewerbung, um dich und deine fachlichen und sozialen Kompetenzen kennenzulernen.\",\"breadcrumb\":{\"@id\":\"https:\\\/\\\/hyworx.de\\\/karriere\\\/#breadcrumb\"},\"inLanguage\":\"en-GB\",\"potentialAction\":[{\"@type\":\"ReadAction\",\"target\":[\"https:\\\/\\\/hyworx.de\\\/karriere\\\/\"]}]},{\"@type\":\"BreadcrumbList\",\"@id\":\"https:\\\/\\\/hyworx.de\\\/karriere\\\/#breadcrumb\",\"itemListElement\":[{\"@type\":\"ListItem\",\"position\":1,\"name\":\"Startseite\",\"item\":\"https:\\\/\\\/hyworx.de\\\/\"},{\"@type\":\"ListItem\",\"position\":2,\"name\":\"Karriere\"}]},{\"@type\":\"WebSite\",\"@id\":\"https:\\\/\\\/hyworx.de\\\/#website\",\"url\":\"https:\\\/\\\/hyworx.de\\\/\",\"name\":\"hyworx Elektrolyzer Stacks\",\"description\":\"hyworx Elektrolysestacks - die Kernkomponente f\u00fcr die Erzeugung gr\u00fcnen Wasserstoffs\",\"publisher\":{\"@id\":\"https:\\\/\\\/hyworx.de\\\/#organization\"},\"potentialAction\":[{\"@type\":\"SearchAction\",\"target\":{\"@type\":\"EntryPoint\",\"urlTemplate\":\"https:\\\/\\\/hyworx.de\\\/?s={search_term_string}\"},\"query-input\":{\"@type\":\"PropertyValueSpecification\",\"valueRequired\":true,\"valueName\":\"search_term_string\"}}],\"inLanguage\":\"en-GB\"},{\"@type\":\"Organization\",\"@id\":\"https:\\\/\\\/hyworx.de\\\/#organization\",\"name\":\"hyworx GmbH (i.Gr.)\",\"url\":\"https:\\\/\\\/hyworx.de\\\/\",\"logo\":{\"@type\":\"ImageObject\",\"inLanguage\":\"en-GB\",\"@id\":\"https:\\\/\\\/hyworx.de\\\/#\\\/schema\\\/logo\\\/image\\\/\",\"url\":\"https:\\\/\\\/hyworx.de\\\/wp-content\\\/uploads\\\/2024\\\/10\\\/hyworx_Logo-1.png\",\"contentUrl\":\"https:\\\/\\\/hyworx.de\\\/wp-content\\\/uploads\\\/2024\\\/10\\\/hyworx_Logo-1.png\",\"width\":2248,\"height\":609,\"caption\":\"hyworx GmbH (i.Gr.)\"},\"image\":{\"@id\":\"https:\\\/\\\/hyworx.de\\\/#\\\/schema\\\/logo\\\/image\\\/\"}}]}<\/script>\n<!-- \/ Yoast SEO plugin. -->","yoast_head_json":{"title":"Karriere - hyworx | PEM Electrolyzer Stacks","description":"Wir freuen uns auf deine Initiativbewerbung, um dich und deine fachlichen und sozialen Kompetenzen kennenzulernen.","robots":{"index":"index","follow":"follow","max-snippet":"max-snippet:-1","max-image-preview":"max-image-preview:large","max-video-preview":"max-video-preview:-1"},"canonical":"https:\/\/hyworx.de\/en\/karriere\/","og_locale":"en_GB","og_type":"article","og_title":"Karriere - hyworx | PEM Electrolyzer Stacks","og_description":"Wir freuen uns auf deine Initiativbewerbung, um dich und deine fachlichen und sozialen Kompetenzen kennenzulernen.","og_url":"https:\/\/hyworx.de\/en\/karriere\/","og_site_name":"hyworx | PEM Electrolyzer Stacks","article_modified_time":"2025-10-13T12:16:19+00:00","twitter_card":"summary_large_image","twitter_misc":{"Estimated reading time":"3 minutes"},"schema":{"@context":"https:\/\/schema.org","@graph":[{"@type":"WebPage","@id":"https:\/\/hyworx.de\/karriere\/","url":"https:\/\/hyworx.de\/karriere\/","name":"Karriere - hyworx | PEM Electrolyzer Stacks","isPartOf":{"@id":"https:\/\/hyworx.de\/#website"},"datePublished":"2025-09-15T07:53:27+00:00","dateModified":"2025-10-13T12:16:19+00:00","description":"Wir freuen uns auf deine Initiativbewerbung, um dich und deine fachlichen und sozialen Kompetenzen kennenzulernen.","breadcrumb":{"@id":"https:\/\/hyworx.de\/karriere\/#breadcrumb"},"inLanguage":"en-GB","potentialAction":[{"@type":"ReadAction","target":["https:\/\/hyworx.de\/karriere\/"]}]},{"@type":"BreadcrumbList","@id":"https:\/\/hyworx.de\/karriere\/#breadcrumb","itemListElement":[{"@type":"ListItem","position":1,"name":"Startseite","item":"https:\/\/hyworx.de\/"},{"@type":"ListItem","position":2,"name":"Karriere"}]},{"@type":"WebSite","@id":"https:\/\/hyworx.de\/#website","url":"https:\/\/hyworx.de\/","name":"hyworx Elektrolyzer Stacks","description":"hyworx Elektrolysestacks - die Kernkomponente f\u00fcr die Erzeugung gr\u00fcnen Wasserstoffs","publisher":{"@id":"https:\/\/hyworx.de\/#organization"},"potentialAction":[{"@type":"SearchAction","target":{"@type":"EntryPoint","urlTemplate":"https:\/\/hyworx.de\/?s={search_term_string}"},"query-input":{"@type":"PropertyValueSpecification","valueRequired":true,"valueName":"search_term_string"}}],"inLanguage":"en-GB"},{"@type":"Organization","@id":"https:\/\/hyworx.de\/#organization","name":"hyworx GmbH (i.Gr.)","url":"https:\/\/hyworx.de\/","logo":{"@type":"ImageObject","inLanguage":"en-GB","@id":"https:\/\/hyworx.de\/#\/schema\/logo\/image\/","url":"https:\/\/hyworx.de\/wp-content\/uploads\/2024\/10\/hyworx_Logo-1.png","contentUrl":"https:\/\/hyworx.de\/wp-content\/uploads\/2024\/10\/hyworx_Logo-1.png","width":2248,"height":609,"caption":"hyworx GmbH (i.Gr.)"},"image":{"@id":"https:\/\/hyworx.de\/#\/schema\/logo\/image\/"}}]}},"_links":{"self":[{"href":"https:\/\/hyworx.de\/en\/wp-json\/wp\/v2\/pages\/1543","targetHints":{"allow":["GET"]}}],"collection":[{"href":"https:\/\/hyworx.de\/en\/wp-json\/wp\/v2\/pages"}],"about":[{"href":"https:\/\/hyworx.de\/en\/wp-json\/wp\/v2\/types\/page"}],"author":[{"embeddable":true,"href":"https:\/\/hyworx.de\/en\/wp-json\/wp\/v2\/users\/3"}],"replies":[{"embeddable":true,"href":"https:\/\/hyworx.de\/en\/wp-json\/wp\/v2\/comments?post=1543"}],"version-history":[{"count":49,"href":"https:\/\/hyworx.de\/en\/wp-json\/wp\/v2\/pages\/1543\/revisions"}],"predecessor-version":[{"id":3335,"href":"https:\/\/hyworx.de\/en\/wp-json\/wp\/v2\/pages\/1543\/revisions\/3335"}],"wp:attachment":[{"href":"https:\/\/hyworx.de\/en\/wp-json\/wp\/v2\/media?parent=1543"}],"curies":[{"name":"wp","href":"https:\/\/api.w.org\/{rel}","templated":true}]}}